{"id":133,"date":"2023-07-28T16:22:07","date_gmt":"2023-07-28T14:22:07","guid":{"rendered":"https:\/\/wasserstoffrechner.wordpress.com\/?page_id=133"},"modified":"2023-09-08T10:43:39","modified_gmt":"2023-09-08T10:43:39","slug":"physikalische-chemische-eigenschaften","status":"publish","type":"page","link":"https:\/\/hydrogentools.de\/en\/physikalische-chemische-eigenschaften\/","title":{"rendered":"Eigenschaften"},"content":{"rendered":"<p>The following are some values that can be used in many calculations. No guarantee for correctness. <\/p>\n\n\n\n<figure class=\"wp-block-table\"><table><tbody><tr><td>&nbsp;C<sub>p<\/sub> (1 bar, 20\u00b0C)<\/td><td>14,29<\/td><td>J\/g-K<\/td><\/tr><tr><td>&nbsp;C<sub>v<\/sub> (1 bar, 20\u00b0C)<\/td><td>10,16<\/td><td>J\/g-K<\/td><\/tr><tr><td>Density<\/td><td>0,08375<\/td><td>kg\/m<sup>3<\/sup><\/td><\/tr><tr><td>diffusion<\/td><td>0,610<\/td><td>cm<sup>2<\/sup>\/s<\/td><\/tr><tr><td>Flame temperature in air<\/td><td>2045<\/td><td><sup>o<\/sup>C<\/td><\/tr><tr><td>Minimale Z\u00fcndtemperatur<\/td><td>500<\/td><td><sup>o<\/sup>C<\/td><\/tr><tr><td>Mol Weight<\/td><td>2,02<\/td><td>g\/mol<\/td><\/tr><tr><td>Boiling point 1 bar<\/td><td>-252,9<\/td><td><sup>o<\/sup>C<\/td><\/tr><tr><td>Specific Volume 1 bar<\/td><td>11,94<\/td><td>m<sup>3<\/sup>\/kg<\/td><\/tr><tr><td>viscosity 1 bar<\/td><td>8.813 x 10<sup>-5<\/sup>&nbsp;<\/td><td>g\/cm-sec&nbsp;<\/td><\/tr><tr><td>heat transfer coeffizient<\/td><td>0,1825<\/td><td>W\/m-K<\/td><\/tr><tr><td>explosion energy<\/td><td>2 x 10<sup>-5<\/sup>&nbsp;<\/td><td>J<\/td><\/tr><tr><td>explosion points<\/td><td>4.0 &#8211; 75.0<\/td><td>vol%<\/td><\/tr><\/tbody><\/table><\/figure>\n\n\n\n<p><\/p>\n\n\n\n<p><em>Alle Werte sind nach bestem Wissen und Gewissen faktengepr\u00fcft, allerdings sind Fehler nat\u00fcrlich trotzdem nicht auszuschlie\u00dfen. Jede Benutzung erfolgt daher auf eigenes Risiko. Jegliche Rechts oder Regressanspr\u00fcche sind ausgeschlossen.<\/em><\/p>","protected":false},"excerpt":{"rendered":"<p>Im Folgende einige Werte, die bei vielen Berechnungen genutzt werden k\u00f6nnen. Keine Garantie auf Richtigkeit. &nbsp;Cp (1 bar, 20\u00b0C) 14,29 J\/g-K &nbsp;Cv (1 bar, 20\u00b0C) 10,16 J\/g-K Dichte (1 bar, 20\u00b0C) 0,08375 kg\/m3 Diffusionskoeeffizient 0,610 cm2\/s Flammtemperatur an Luft 2045 oC Minimale Z\u00fcndtemperatur 500 oC Molekulargewicht 2,02 g\/mol Siedepunkt (1 bar) -252,9 oC Spezifisches Volumen&hellip; <a class=\"more-link\" href=\"https:\/\/hydrogentools.de\/en\/physikalische-chemische-eigenschaften\/\">Continue reading <span class=\"screen-reader-text\">Eigenschaften<\/span><\/a><\/p>","protected":false},"author":1,"featured_media":0,"parent":0,"menu_order":0,"comment_status":"closed","ping_status":"closed","template":"","meta":{"footnotes":""},"class_list":["post-133","page","type-page","status-publish","hentry","entry"],"yoast_head":"<!-- This site is optimized with the Yoast SEO plugin v27.5 - https:\/\/yoast.com\/product\/yoast-seo-wordpress\/ -->\n<title>Eigenschaften - Wasserstofftools<\/title>\n<meta name=\"robots\" content=\"index, follow, max-snippet:-1, max-image-preview:large, max-video-preview:-1\" \/>\n<link rel=\"canonical\" href=\"https:\/\/hydrogentools.de\/en\/physikalische-chemische-eigenschaften\/\" \/>\n<meta property=\"og:locale\" content=\"en_US\" \/>\n<meta property=\"og:type\" content=\"article\" \/>\n<meta property=\"og:title\" content=\"Eigenschaften - Wasserstofftools\" \/>\n<meta property=\"og:description\" content=\"Im Folgende einige Werte, die bei vielen Berechnungen genutzt werden k\u00f6nnen. Keine Garantie auf Richtigkeit. &nbsp;Cp (1 bar, 20\u00b0C) 14,29 J\/g-K &nbsp;Cv (1 bar, 20\u00b0C) 10,16 J\/g-K Dichte (1 bar, 20\u00b0C) 0,08375 kg\/m3 Diffusionskoeeffizient 0,610 cm2\/s Flammtemperatur an Luft 2045 oC Minimale Z\u00fcndtemperatur 500 oC Molekulargewicht 2,02 g\/mol Siedepunkt (1 bar) -252,9 oC Spezifisches Volumen&hellip; Continue reading Eigenschaften\" \/>\n<meta property=\"og:url\" content=\"https:\/\/hydrogentools.de\/en\/physikalische-chemische-eigenschaften\/\" \/>\n<meta property=\"og:site_name\" content=\"Wasserstofftools\" \/>\n<meta property=\"article:modified_time\" content=\"2023-09-08T10:43:39+00:00\" \/>\n<meta property=\"og:image\" content=\"https:\/\/hydrogentools.de\/wp-content\/uploads\/2023\/07\/Logo-1.png\" \/>\n\t<meta property=\"og:image:width\" content=\"512\" \/>\n\t<meta property=\"og:image:height\" content=\"512\" \/>\n\t<meta property=\"og:image:type\" content=\"image\/png\" \/>\n<meta name=\"twitter:card\" content=\"summary_large_image\" \/>\n<meta name=\"twitter:label1\" content=\"Est. reading time\" \/>\n\t<meta name=\"twitter:data1\" content=\"1 minute\" \/>\n<script type=\"application\/ld+json\" class=\"yoast-schema-graph\">{\"@context\":\"https:\\\/\\\/schema.org\",\"@graph\":[{\"@type\":\"WebPage\",\"@id\":\"https:\\\/\\\/hydrogentools.de\\\/physikalische-chemische-eigenschaften\\\/\",\"url\":\"https:\\\/\\\/hydrogentools.de\\\/physikalische-chemische-eigenschaften\\\/\",\"name\":\"Eigenschaften - Wasserstofftools\",\"isPartOf\":{\"@id\":\"https:\\\/\\\/hydrogentools.de\\\/#website\"},\"datePublished\":\"2023-07-28T14:22:07+00:00\",\"dateModified\":\"2023-09-08T10:43:39+00:00\",\"breadcrumb\":{\"@id\":\"https:\\\/\\\/hydrogentools.de\\\/physikalische-chemische-eigenschaften\\\/#breadcrumb\"},\"inLanguage\":\"en-US\",\"potentialAction\":[{\"@type\":\"ReadAction\",\"target\":[\"https:\\\/\\\/hydrogentools.de\\\/physikalische-chemische-eigenschaften\\\/\"]}]},{\"@type\":\"BreadcrumbList\",\"@id\":\"https:\\\/\\\/hydrogentools.de\\\/physikalische-chemische-eigenschaften\\\/#breadcrumb\",\"itemListElement\":[{\"@type\":\"ListItem\",\"position\":1,\"name\":\"Startseite\",\"item\":\"https:\\\/\\\/hydrogentools.de\\\/\"},{\"@type\":\"ListItem\",\"position\":2,\"name\":\"Eigenschaften\"}]},{\"@type\":\"WebSite\",\"@id\":\"https:\\\/\\\/hydrogentools.de\\\/#website\",\"url\":\"https:\\\/\\\/hydrogentools.de\\\/\",\"name\":\"Wasserstofftools\",\"description\":\"Werkzeuge zur Planung von Wasserstoffanlagen\",\"alternateName\":\"Hydrogentools\",\"potentialAction\":[{\"@type\":\"SearchAction\",\"target\":{\"@type\":\"EntryPoint\",\"urlTemplate\":\"https:\\\/\\\/hydrogentools.de\\\/?s={search_term_string}\"},\"query-input\":{\"@type\":\"PropertyValueSpecification\",\"valueRequired\":true,\"valueName\":\"search_term_string\"}}],\"inLanguage\":\"en-US\"}]}<\/script>\n<!-- \/ Yoast SEO plugin. -->","yoast_head_json":{"title":"Eigenschaften - Wasserstofftools","robots":{"index":"index","follow":"follow","max-snippet":"max-snippet:-1","max-image-preview":"max-image-preview:large","max-video-preview":"max-video-preview:-1"},"canonical":"https:\/\/hydrogentools.de\/en\/physikalische-chemische-eigenschaften\/","og_locale":"en_US","og_type":"article","og_title":"Eigenschaften - Wasserstofftools","og_description":"Im Folgende einige Werte, die bei vielen Berechnungen genutzt werden k\u00f6nnen. Keine Garantie auf Richtigkeit. &nbsp;Cp (1 bar, 20\u00b0C) 14,29 J\/g-K &nbsp;Cv (1 bar, 20\u00b0C) 10,16 J\/g-K Dichte (1 bar, 20\u00b0C) 0,08375 kg\/m3 Diffusionskoeeffizient 0,610 cm2\/s Flammtemperatur an Luft 2045 oC Minimale Z\u00fcndtemperatur 500 oC Molekulargewicht 2,02 g\/mol Siedepunkt (1 bar) -252,9 oC Spezifisches Volumen&hellip; Continue reading Eigenschaften","og_url":"https:\/\/hydrogentools.de\/en\/physikalische-chemische-eigenschaften\/","og_site_name":"Wasserstofftools","article_modified_time":"2023-09-08T10:43:39+00:00","og_image":[{"width":512,"height":512,"url":"https:\/\/hydrogentools.de\/wp-content\/uploads\/2023\/07\/Logo-1.png","type":"image\/png"}],"twitter_card":"summary_large_image","twitter_misc":{"Est. reading time":"1 minute"},"schema":{"@context":"https:\/\/schema.org","@graph":[{"@type":"WebPage","@id":"https:\/\/hydrogentools.de\/physikalische-chemische-eigenschaften\/","url":"https:\/\/hydrogentools.de\/physikalische-chemische-eigenschaften\/","name":"Eigenschaften - Wasserstofftools","isPartOf":{"@id":"https:\/\/hydrogentools.de\/#website"},"datePublished":"2023-07-28T14:22:07+00:00","dateModified":"2023-09-08T10:43:39+00:00","breadcrumb":{"@id":"https:\/\/hydrogentools.de\/physikalische-chemische-eigenschaften\/#breadcrumb"},"inLanguage":"en-US","potentialAction":[{"@type":"ReadAction","target":["https:\/\/hydrogentools.de\/physikalische-chemische-eigenschaften\/"]}]},{"@type":"BreadcrumbList","@id":"https:\/\/hydrogentools.de\/physikalische-chemische-eigenschaften\/#breadcrumb","itemListElement":[{"@type":"ListItem","position":1,"name":"Startseite","item":"https:\/\/hydrogentools.de\/"},{"@type":"ListItem","position":2,"name":"Eigenschaften"}]},{"@type":"WebSite","@id":"https:\/\/hydrogentools.de\/#website","url":"https:\/\/hydrogentools.de\/","name":"Wasserstofftools","description":"Tools for planning and calculating hydrogen equipment.","alternateName":"Hydrogentools","potentialAction":[{"@type":"SearchAction","target":{"@type":"EntryPoint","urlTemplate":"https:\/\/hydrogentools.de\/?s={search_term_string}"},"query-input":{"@type":"PropertyValueSpecification","valueRequired":true,"valueName":"search_term_string"}}],"inLanguage":"en-US"}]}},"_links":{"self":[{"href":"https:\/\/hydrogentools.de\/en\/wp-json\/wp\/v2\/pages\/133","targetHints":{"allow":["GET"]}}],"collection":[{"href":"https:\/\/hydrogentools.de\/en\/wp-json\/wp\/v2\/pages"}],"about":[{"href":"https:\/\/hydrogentools.de\/en\/wp-json\/wp\/v2\/types\/page"}],"author":[{"embeddable":true,"href":"https:\/\/hydrogentools.de\/en\/wp-json\/wp\/v2\/users\/1"}],"replies":[{"embeddable":true,"href":"https:\/\/hydrogentools.de\/en\/wp-json\/wp\/v2\/comments?post=133"}],"version-history":[{"count":4,"href":"https:\/\/hydrogentools.de\/en\/wp-json\/wp\/v2\/pages\/133\/revisions"}],"predecessor-version":[{"id":333,"href":"https:\/\/hydrogentools.de\/en\/wp-json\/wp\/v2\/pages\/133\/revisions\/333"}],"wp:attachment":[{"href":"https:\/\/hydrogentools.de\/en\/wp-json\/wp\/v2\/media?parent=133"}],"curies":[{"name":"wp","href":"https:\/\/api.w.org\/{rel}","templated":true}]}}