{"id":372,"date":"2024-01-05T18:47:04","date_gmt":"2024-01-05T18:47:04","guid":{"rendered":"https:\/\/hydrogentools.de\/?page_id=372"},"modified":"2024-12-19T18:50:29","modified_gmt":"2024-12-19T18:50:29","slug":"kompressor-adiabatische-volumenaenderung","status":"publish","type":"page","link":"https:\/\/hydrogentools.de\/en\/kompressor-adiabatische-volumenaenderung\/","title":{"rendered":"Kompressor &#8211; Adiabatische Volumen\u00e4nderung"},"content":{"rendered":"<p>Wasserstoff wird meist in Kolben- oder Membrankompressoren verdichtet. Beide beruhen auf dem Prinzip der Volumen\u00e4nderung: Eine bestimmte Menge Gas wird &#8222;eingesperrt&#8220; und anschlie\u00dfend wid das Volumen des Gases durch den Einsatz von mechanischer Energie verringert.<\/p>\n\n\n\n<p>Um die bei der Verdichtung (oder auch Expansion) auftretende \u00c4nderung der Gastemperatur zu berechnen, wird der Prozess als adiabat (&#8222;nicht w\u00e4rme\u00fcbertragend&#8220;) betrachtet. Im Realfall wird zwar immer ein Teil der W\u00e4rmeenergie \u00fcber die Wandungen und Rohrleitungen abgegeben, diese abstr\u00f6mende W\u00e4rme ist allerdings aufgrund der hohen Prozessgeschwindigkeit h\u00e4ufig vernachl\u00e4ssigbar.<\/p>\n\n\n\n<p>Der folgende Rechner kann nach Eingabe der Paramter sowohl die Temperatur des Wasserstoffs nach der Verdichtung, als auch die dazu notwendige Leistug berechnen.  <\/p>\n\n\n\n<div class=\"wp-block-columns is-layout-flex wp-container-core-columns-is-layout-9d6595d7 wp-block-columns-is-layout-flex\">\n<div class=\"wp-block-column is-layout-flow wp-block-column-is-layout-flow\" style=\"flex-basis:100%\">\n<div class=\"wp-block-group\"><div class=\"wp-block-group__inner-container is-layout-constrained wp-block-group-is-layout-constrained\">\n<p><iframe loading=\"lazy\" src=\"https:\/\/1drv.ms\/x\/c\/1394890fca1db77c\/UQR8tx3KD4mUIIATBXgAAAAAABCn8M3-jgkA31I?em=2&amp;wdAllowInteractivity=False&amp;AllowTyping=True&amp;Item='Adiabate%20Kompression'!B10%3AG34&amp;wdHideGridlines=True&amp;wdInConfigurator=True&amp;wdInConfigurator=True&amp;wdbipreview=true\" width=\"428\" height=\"542\" frameborder=\"0\" scrolling=\"no\"><\/iframe><\/p>\n<\/div><\/div>\n<\/div>\n<\/div>\n\n\n\n<p>Hinweis: Eine adiabatische Kompression ist (anders als z.B. eine Vermischung von Gasen) ein reversibler Prozess, das hei\u00dft, die Entropie des Systems bleibt unver\u00e4ndert. <\/p>\n\n\n\n<p>Hinweis : Die Berechnung der erforderlichen Leistung des Kompressors erfolgt ohne Ber\u00fccksichtigung von Wirkungsgrad und potentieller K\u00fchlung.<br><\/p>\n\n\n\n<p><em>I have programmed all online tools to the best of my knowledge and belief, but errors can of course still not be ruled out. Any use is therefore at your own risk. Any legal or recourse claims are excluded.<\/em><\/p>","protected":false},"excerpt":{"rendered":"<p>Wasserstoff wird meist in Kolben- oder Membrankompressoren verdichtet. Beide beruhen auf dem Prinzip der Volumen\u00e4nderung: Eine bestimmte Menge Gas wird &#8222;eingesperrt&#8220; und anschlie\u00dfend wid das Volumen des Gases durch den Einsatz von mechanischer Energie verringert. Um die bei der Verdichtung (oder auch Expansion) auftretende \u00c4nderung der Gastemperatur zu berechnen, wird der Prozess als adiabat (&#8222;nicht&hellip; <a class=\"more-link\" href=\"https:\/\/hydrogentools.de\/en\/kompressor-adiabatische-volumenaenderung\/\">Continue reading <span class=\"screen-reader-text\">Kompressor &#8211; Adiabatische Volumen\u00e4nderung<\/span><\/a><\/p>","protected":false},"author":1,"featured_media":0,"parent":0,"menu_order":0,"comment_status":"closed","ping_status":"closed","template":"","meta":{"footnotes":""},"class_list":["post-372","page","type-page","status-publish","hentry","entry"],"yoast_head":"<!-- This site is optimized with the Yoast SEO plugin v27.5 - https:\/\/yoast.com\/product\/yoast-seo-wordpress\/ -->\n<title>Berechnung der Kompressorleistung und Gastemperatur - Wasserstofftools<\/title>\n<meta name=\"description\" content=\"Mit diesem Rechner kann sowohl die Wasserstoff-Temperatur nach Verdichtung als auch die daf\u00fcr n\u00f6tige Kompressorleistung berechnet werden.\" \/>\n<meta name=\"robots\" content=\"index, follow, max-snippet:-1, max-image-preview:large, max-video-preview:-1\" \/>\n<link rel=\"canonical\" href=\"https:\/\/hydrogentools.de\/en\/kompressor-adiabatische-volumenaenderung\/\" \/>\n<meta property=\"og:locale\" content=\"en_US\" \/>\n<meta property=\"og:type\" content=\"article\" \/>\n<meta property=\"og:title\" content=\"Berechnung der Kompressorleistung und Gastemperatur - Wasserstofftools\" \/>\n<meta property=\"og:description\" content=\"Mit diesem Rechner kann sowohl die Wasserstoff-Temperatur nach Verdichtung als auch die daf\u00fcr n\u00f6tige Kompressorleistung berechnet werden.\" \/>\n<meta property=\"og:url\" content=\"https:\/\/hydrogentools.de\/en\/kompressor-adiabatische-volumenaenderung\/\" \/>\n<meta property=\"og:site_name\" content=\"Wasserstofftools\" \/>\n<meta property=\"article:modified_time\" content=\"2024-12-19T18:50:29+00:00\" \/>\n<meta property=\"og:image\" content=\"https:\/\/hydrogentools.de\/wp-content\/uploads\/2023\/07\/Logo-1.png\" \/>\n\t<meta property=\"og:image:width\" content=\"512\" \/>\n\t<meta property=\"og:image:height\" content=\"512\" \/>\n\t<meta property=\"og:image:type\" content=\"image\/png\" \/>\n<meta name=\"twitter:card\" content=\"summary_large_image\" \/>\n<meta name=\"twitter:label1\" content=\"Est. reading time\" \/>\n\t<meta name=\"twitter:data1\" content=\"1 minute\" \/>\n<script type=\"application\/ld+json\" class=\"yoast-schema-graph\">{\"@context\":\"https:\\\/\\\/schema.org\",\"@graph\":[{\"@type\":\"WebPage\",\"@id\":\"https:\\\/\\\/hydrogentools.de\\\/kompressor-adiabatische-volumenaenderung\\\/\",\"url\":\"https:\\\/\\\/hydrogentools.de\\\/kompressor-adiabatische-volumenaenderung\\\/\",\"name\":\"Berechnung der Kompressorleistung und Gastemperatur - Wasserstofftools\",\"isPartOf\":{\"@id\":\"https:\\\/\\\/hydrogentools.de\\\/#website\"},\"datePublished\":\"2024-01-05T18:47:04+00:00\",\"dateModified\":\"2024-12-19T18:50:29+00:00\",\"description\":\"Mit diesem Rechner kann sowohl die Wasserstoff-Temperatur nach Verdichtung als auch die daf\u00fcr n\u00f6tige Kompressorleistung berechnet werden.\",\"breadcrumb\":{\"@id\":\"https:\\\/\\\/hydrogentools.de\\\/kompressor-adiabatische-volumenaenderung\\\/#breadcrumb\"},\"inLanguage\":\"en-US\",\"potentialAction\":[{\"@type\":\"ReadAction\",\"target\":[\"https:\\\/\\\/hydrogentools.de\\\/kompressor-adiabatische-volumenaenderung\\\/\"]}]},{\"@type\":\"BreadcrumbList\",\"@id\":\"https:\\\/\\\/hydrogentools.de\\\/kompressor-adiabatische-volumenaenderung\\\/#breadcrumb\",\"itemListElement\":[{\"@type\":\"ListItem\",\"position\":1,\"name\":\"Startseite\",\"item\":\"https:\\\/\\\/hydrogentools.de\\\/\"},{\"@type\":\"ListItem\",\"position\":2,\"name\":\"Kompressor &#8211; Adiabatische Volumen\u00e4nderung\"}]},{\"@type\":\"WebSite\",\"@id\":\"https:\\\/\\\/hydrogentools.de\\\/#website\",\"url\":\"https:\\\/\\\/hydrogentools.de\\\/\",\"name\":\"Wasserstofftools\",\"description\":\"Werkzeuge zur Planung von Wasserstoffanlagen\",\"alternateName\":\"Hydrogentools\",\"potentialAction\":[{\"@type\":\"SearchAction\",\"target\":{\"@type\":\"EntryPoint\",\"urlTemplate\":\"https:\\\/\\\/hydrogentools.de\\\/?s={search_term_string}\"},\"query-input\":{\"@type\":\"PropertyValueSpecification\",\"valueRequired\":true,\"valueName\":\"search_term_string\"}}],\"inLanguage\":\"en-US\"}]}<\/script>\n<!-- \/ Yoast SEO plugin. -->","yoast_head_json":{"title":"Berechnung der Kompressorleistung und Gastemperatur - Wasserstofftools","description":"Mit diesem Rechner kann sowohl die Wasserstoff-Temperatur nach Verdichtung als auch die daf\u00fcr n\u00f6tige Kompressorleistung berechnet werden.","robots":{"index":"index","follow":"follow","max-snippet":"max-snippet:-1","max-image-preview":"max-image-preview:large","max-video-preview":"max-video-preview:-1"},"canonical":"https:\/\/hydrogentools.de\/en\/kompressor-adiabatische-volumenaenderung\/","og_locale":"en_US","og_type":"article","og_title":"Berechnung der Kompressorleistung und Gastemperatur - Wasserstofftools","og_description":"Mit diesem Rechner kann sowohl die Wasserstoff-Temperatur nach Verdichtung als auch die daf\u00fcr n\u00f6tige Kompressorleistung berechnet werden.","og_url":"https:\/\/hydrogentools.de\/en\/kompressor-adiabatische-volumenaenderung\/","og_site_name":"Wasserstofftools","article_modified_time":"2024-12-19T18:50:29+00:00","og_image":[{"width":512,"height":512,"url":"https:\/\/hydrogentools.de\/wp-content\/uploads\/2023\/07\/Logo-1.png","type":"image\/png"}],"twitter_card":"summary_large_image","twitter_misc":{"Est. reading time":"1 minute"},"schema":{"@context":"https:\/\/schema.org","@graph":[{"@type":"WebPage","@id":"https:\/\/hydrogentools.de\/kompressor-adiabatische-volumenaenderung\/","url":"https:\/\/hydrogentools.de\/kompressor-adiabatische-volumenaenderung\/","name":"Berechnung der Kompressorleistung und Gastemperatur - Wasserstofftools","isPartOf":{"@id":"https:\/\/hydrogentools.de\/#website"},"datePublished":"2024-01-05T18:47:04+00:00","dateModified":"2024-12-19T18:50:29+00:00","description":"Mit diesem Rechner kann sowohl die Wasserstoff-Temperatur nach Verdichtung als auch die daf\u00fcr n\u00f6tige Kompressorleistung berechnet werden.","breadcrumb":{"@id":"https:\/\/hydrogentools.de\/kompressor-adiabatische-volumenaenderung\/#breadcrumb"},"inLanguage":"en-US","potentialAction":[{"@type":"ReadAction","target":["https:\/\/hydrogentools.de\/kompressor-adiabatische-volumenaenderung\/"]}]},{"@type":"BreadcrumbList","@id":"https:\/\/hydrogentools.de\/kompressor-adiabatische-volumenaenderung\/#breadcrumb","itemListElement":[{"@type":"ListItem","position":1,"name":"Startseite","item":"https:\/\/hydrogentools.de\/"},{"@type":"ListItem","position":2,"name":"Kompressor &#8211; Adiabatische Volumen\u00e4nderung"}]},{"@type":"WebSite","@id":"https:\/\/hydrogentools.de\/#website","url":"https:\/\/hydrogentools.de\/","name":"Wasserstofftools","description":"Tools for planning and calculating hydrogen equipment.","alternateName":"Hydrogentools","potentialAction":[{"@type":"SearchAction","target":{"@type":"EntryPoint","urlTemplate":"https:\/\/hydrogentools.de\/?s={search_term_string}"},"query-input":{"@type":"PropertyValueSpecification","valueRequired":true,"valueName":"search_term_string"}}],"inLanguage":"en-US"}]}},"_links":{"self":[{"href":"https:\/\/hydrogentools.de\/en\/wp-json\/wp\/v2\/pages\/372","targetHints":{"allow":["GET"]}}],"collection":[{"href":"https:\/\/hydrogentools.de\/en\/wp-json\/wp\/v2\/pages"}],"about":[{"href":"https:\/\/hydrogentools.de\/en\/wp-json\/wp\/v2\/types\/page"}],"author":[{"embeddable":true,"href":"https:\/\/hydrogentools.de\/en\/wp-json\/wp\/v2\/users\/1"}],"replies":[{"embeddable":true,"href":"https:\/\/hydrogentools.de\/en\/wp-json\/wp\/v2\/comments?post=372"}],"version-history":[{"count":12,"href":"https:\/\/hydrogentools.de\/en\/wp-json\/wp\/v2\/pages\/372\/revisions"}],"predecessor-version":[{"id":593,"href":"https:\/\/hydrogentools.de\/en\/wp-json\/wp\/v2\/pages\/372\/revisions\/593"}],"wp:attachment":[{"href":"https:\/\/hydrogentools.de\/en\/wp-json\/wp\/v2\/media?parent=372"}],"curies":[{"name":"wp","href":"https:\/\/api.w.org\/{rel}","templated":true}]}}