{"id":453,"date":"2024-04-17T23:11:56","date_gmt":"2024-04-17T23:11:56","guid":{"rendered":"https:\/\/hydrogentools.de\/?page_id=453"},"modified":"2024-04-18T01:39:49","modified_gmt":"2024-04-18T01:39:49","slug":"stromstaerke-und-spannung-der-elektrolyse-wasserstoff","status":"publish","type":"page","link":"https:\/\/hydrogentools.de\/en\/stromstaerke-und-spannung-der-elektrolyse-wasserstoff\/","title":{"rendered":"Stromst\u00e4rke und Spannung der Elektrolyse"},"content":{"rendered":"<p>Wie ist das Verh\u00e4ltnis zwischen Stromst\u00e4rke, Spannung und Wasserstoffmenge? Und wie h\u00e4ngen diese Gr\u00f6\u00dfen mit dem Wirkungsgrad der Elektrolyse zusammen?<\/p>\n\n\n\n<h2 class=\"wp-block-heading\">Stromst\u00e4rke<\/h2>\n\n\n\n<p>Ein einfacher Weg zur Bestimmung der hergestellten Wasserstoffmenge bei der Elektrolyse liegt in der Anwendung der faradayschen Gesetze. Diese beschreiben im Allgemeinen den Zusammenhang zwischen elektrischer Ladung und Stoffumsatz bei elektrochemischen Reaktionen wie der Elektrolyse.<\/p>\n\n\n\n<p>Die zur Spaltung des Wassers ben\u00f6tigte Ladung entspricht der Multiplikation der Ladungszahl z, der Stoffmenge n in Mol, sowie der faradayschen Konstante F:<\/p>\n\n\n\n<p><em>Q = n * z * F<\/em><\/p>\n\n\n\n<p>Wird nun die Ladung Q durch Stromst\u00e4rke I pro Zeit t ersetzt, kann nach Umstellung die folgende Formel verwendet werden:<\/p>\n\n\n\n<p><em>n = ( I * t ) \/ ( z * f )<\/em><\/p>\n\n\n\n<p>Nun k\u00f6nnen alle fehlenden Werte und Konstanten eingesetzt werden, es ergibt sich:<\/p>\n\n\n\n<p><em>( 1 A * 1 s ) \/ ( 2 * 96 485309 As\/mol ) = 5,182 * 10<sup>-6<\/sup> mol\/As<\/em><\/p>\n\n\n\n<p>Es entsteht also pro Amperestunde eine Menge von 0,418 Litern an Wasserstoff:<\/p>\n\n\n\n<p><em>5,182 * 10<sup>-6<\/sup> mol\/As * 22,414 Nl\/mol * 3600 s\/h = 0,418 Nl\/Ah<\/em><\/p>\n\n\n\n<p>F\u00fcr ein Kilogramm Wasserstoff m\u00fcssen also ca. 4650 Ah aufgewendet werden.<\/p>\n\n\n\n<p><em>( 1000 g \/ 0,0899 g\/l ) * 0,418 Nl\/Ah = 4649,61 Ah<\/em><\/p>\n\n\n\n<h2 class=\"wp-block-heading\">Spannung<\/h2>\n\n\n\n<p>Die Berechnung gilt hierbei jeweils f\u00fcr eine Zelle eines Stacks. Pro Zelle muss theoretisch eine Spannung von mindestens 1,23 Volt anliegen (Zersetzungsspannung). In der Praxis ergibt sich oft eine h\u00f6here Spannung. Bei der PEM Elektrolyse liegt diese \u00fcblicherweise zwischen 1,7 V und 2,2 V pro Zelle. Vereinfacht gesprochen kann diese \u00dcberspannung durch vier Faktoren ver\u00e4ndert\/verursacht werden:<\/p>\n\n\n\n<ul class=\"wp-block-list\">\n<li>Erh\u00f6hung der Betriebstemperatur -&gt; i.d.R. geringere \u00dcberspannung<\/li>\n\n\n\n<li>Erh\u00f6hung der Stromst\u00e4rke -&gt; i.d.R. h\u00f6here \u00dcberspannung<\/li>\n\n\n\n<li>Einsatz einer Membran\/Diaphragma -&gt; i.d.R. h\u00f6here \u00dcberspannung<\/li>\n\n\n\n<li>Beschaffenheit der Elektroden -&gt; \u00c4nderung der \u00dcberspannung &nbsp;(allg.)<\/li>\n<\/ul>\n\n\n\n<p>Die zus\u00e4tzlich aufgebrachte \u00dcberspannungsenergie kann leider nicht zum Stoffumsatz beitragen, da sie als W\u00e4rme verloren geht. Zus\u00e4tzlich verlangsamt dieser Energieverlust den Elektrolyseprozess.<\/p>\n\n\n\n<h2 class=\"wp-block-heading\">Fazit<\/h2>\n\n\n\n<p><strong>Die in der Zelle geflossene Ladungsmenge <\/strong>(z.B. in Amperestunden)<strong> ist proportional zur erzeugten Wasserstoffmenge, und das weitestgehend wirkungsgradunabh\u00e4ngig. Die an der Zelle anliegende Spannung <\/strong>(Volt)<strong>, und somit auch die aufgewendete Energie <\/strong>(z.B. in kWh) <strong>ist von verschiedenen Faktoren abh\u00e4ngig, was letztendlich den Wirkungsgrad der Elektrolysezelle bestimmt.<\/strong><\/p>\n\n\n\n<p>Der Systemwirkungsgrad einer industriellen Elektrolyseanlage ist dabei nochmals niedriger als der reine Wirkungsgrad des Stacks, da zus\u00e4tzlich der Verlust durch weitere Anlagenbestandteile ber\u00fccksichtigt werden muss (z.B. Pumpen, K\u00fchlung\/Heizung, Wasseraufbereitung, MSR, \u2026).<\/p>\n\n\n\n<p>Hinweis: Die Ladungszahl des atomaren Wasserstoffs ist 1, jedoch werden immer zwei H ben\u00f6tigt um ein Wasserstoffmolek\u00fcl (H2) zu formen. Daher m\u00fcsste in der Theorie mit z = 1 gerechnet werden und die gesamte Gleichung anschlie\u00dfend durch zwei geteilt werden. Dieser Schritt wird hier zur Vereinfachung direkt ausgef\u00fchrt.<\/p>\n\n\n\n<p><em>Jede Benutzung meiner Seite erfolgt daher auf eigenes Risiko. Jegliche Rechts- oder Regressanspr\u00fcche sind ausgeschlossen. Fehler sind nicht auszuschlie\u00dfen.<\/em><\/p>","protected":false},"excerpt":{"rendered":"<p>Wie ist das Verh\u00e4ltnis zwischen Stromst\u00e4rke, Spannung und Wasserstoffmenge? Und wie h\u00e4ngen diese Gr\u00f6\u00dfen mit dem Wirkungsgrad der Elektrolyse zusammen? Stromst\u00e4rke Ein einfacher Weg zur Bestimmung der hergestellten Wasserstoffmenge bei der Elektrolyse liegt in der Anwendung der faradayschen Gesetze. Diese beschreiben im Allgemeinen den Zusammenhang zwischen elektrischer Ladung und Stoffumsatz bei elektrochemischen Reaktionen wie der&hellip; <a class=\"more-link\" href=\"https:\/\/hydrogentools.de\/en\/stromstaerke-und-spannung-der-elektrolyse-wasserstoff\/\">Continue reading <span class=\"screen-reader-text\">Stromst\u00e4rke und Spannung der Elektrolyse<\/span><\/a><\/p>","protected":false},"author":1,"featured_media":0,"parent":0,"menu_order":0,"comment_status":"closed","ping_status":"closed","template":"","meta":{"footnotes":""},"class_list":["post-453","page","type-page","status-publish","hentry","entry"],"yoast_head":"<!-- This site is optimized with the Yoast SEO plugin v27.5 - https:\/\/yoast.com\/product\/yoast-seo-wordpress\/ -->\n<title>Stromst\u00e4rke und Spannung der Elektrolyse - Wasserstofftools<\/title>\n<meta name=\"description\" content=\"Wie ist das Verh\u00e4ltnis zwischen Stromst\u00e4rke, Spannung und Wasserstoff? Und wie h\u00e4ngen diese Gr\u00f6\u00dfen mit dem Wirkungsgrad der Elektrolyse zusammen?\" \/>\n<meta name=\"robots\" content=\"index, follow, max-snippet:-1, max-image-preview:large, max-video-preview:-1\" \/>\n<link rel=\"canonical\" href=\"https:\/\/hydrogentools.de\/en\/stromstaerke-und-spannung-der-elektrolyse-wasserstoff\/\" \/>\n<meta property=\"og:locale\" content=\"en_US\" \/>\n<meta property=\"og:type\" content=\"article\" \/>\n<meta property=\"og:title\" content=\"Stromst\u00e4rke und Spannung der Elektrolyse - Wasserstofftools\" \/>\n<meta property=\"og:description\" content=\"Wie ist das Verh\u00e4ltnis zwischen Stromst\u00e4rke, Spannung und Wasserstoff? Und wie h\u00e4ngen diese Gr\u00f6\u00dfen mit dem Wirkungsgrad der Elektrolyse zusammen?\" \/>\n<meta property=\"og:url\" content=\"https:\/\/hydrogentools.de\/en\/stromstaerke-und-spannung-der-elektrolyse-wasserstoff\/\" \/>\n<meta property=\"og:site_name\" content=\"Wasserstofftools\" \/>\n<meta property=\"article:modified_time\" content=\"2024-04-18T01:39:49+00:00\" \/>\n<meta property=\"og:image\" content=\"https:\/\/hydrogentools.de\/wp-content\/uploads\/2023\/07\/Logo-1.png\" \/>\n\t<meta property=\"og:image:width\" content=\"512\" \/>\n\t<meta property=\"og:image:height\" content=\"512\" \/>\n\t<meta property=\"og:image:type\" content=\"image\/png\" \/>\n<meta name=\"twitter:card\" content=\"summary_large_image\" \/>\n<meta name=\"twitter:label1\" content=\"Est. reading time\" \/>\n\t<meta name=\"twitter:data1\" content=\"3 minutes\" \/>\n<script type=\"application\/ld+json\" class=\"yoast-schema-graph\">{\"@context\":\"https:\\\/\\\/schema.org\",\"@graph\":[{\"@type\":\"WebPage\",\"@id\":\"https:\\\/\\\/hydrogentools.de\\\/stromstaerke-und-spannung-der-elektrolyse-wasserstoff\\\/\",\"url\":\"https:\\\/\\\/hydrogentools.de\\\/stromstaerke-und-spannung-der-elektrolyse-wasserstoff\\\/\",\"name\":\"Stromst\u00e4rke und Spannung der Elektrolyse - Wasserstofftools\",\"isPartOf\":{\"@id\":\"https:\\\/\\\/hydrogentools.de\\\/#website\"},\"datePublished\":\"2024-04-17T23:11:56+00:00\",\"dateModified\":\"2024-04-18T01:39:49+00:00\",\"description\":\"Wie ist das Verh\u00e4ltnis zwischen Stromst\u00e4rke, Spannung und Wasserstoff? Und wie h\u00e4ngen diese Gr\u00f6\u00dfen mit dem Wirkungsgrad der Elektrolyse zusammen?\",\"breadcrumb\":{\"@id\":\"https:\\\/\\\/hydrogentools.de\\\/stromstaerke-und-spannung-der-elektrolyse-wasserstoff\\\/#breadcrumb\"},\"inLanguage\":\"en-US\",\"potentialAction\":[{\"@type\":\"ReadAction\",\"target\":[\"https:\\\/\\\/hydrogentools.de\\\/stromstaerke-und-spannung-der-elektrolyse-wasserstoff\\\/\"]}]},{\"@type\":\"BreadcrumbList\",\"@id\":\"https:\\\/\\\/hydrogentools.de\\\/stromstaerke-und-spannung-der-elektrolyse-wasserstoff\\\/#breadcrumb\",\"itemListElement\":[{\"@type\":\"ListItem\",\"position\":1,\"name\":\"Startseite\",\"item\":\"https:\\\/\\\/hydrogentools.de\\\/\"},{\"@type\":\"ListItem\",\"position\":2,\"name\":\"Stromst\u00e4rke und Spannung der Elektrolyse\"}]},{\"@type\":\"WebSite\",\"@id\":\"https:\\\/\\\/hydrogentools.de\\\/#website\",\"url\":\"https:\\\/\\\/hydrogentools.de\\\/\",\"name\":\"Wasserstofftools\",\"description\":\"Werkzeuge zur Planung von Wasserstoffanlagen\",\"alternateName\":\"Hydrogentools\",\"potentialAction\":[{\"@type\":\"SearchAction\",\"target\":{\"@type\":\"EntryPoint\",\"urlTemplate\":\"https:\\\/\\\/hydrogentools.de\\\/?s={search_term_string}\"},\"query-input\":{\"@type\":\"PropertyValueSpecification\",\"valueRequired\":true,\"valueName\":\"search_term_string\"}}],\"inLanguage\":\"en-US\"}]}<\/script>\n<!-- \/ Yoast SEO plugin. -->","yoast_head_json":{"title":"Stromst\u00e4rke und Spannung der Elektrolyse - Wasserstofftools","description":"Wie ist das Verh\u00e4ltnis zwischen Stromst\u00e4rke, Spannung und Wasserstoff? Und wie h\u00e4ngen diese Gr\u00f6\u00dfen mit dem Wirkungsgrad der Elektrolyse zusammen?","robots":{"index":"index","follow":"follow","max-snippet":"max-snippet:-1","max-image-preview":"max-image-preview:large","max-video-preview":"max-video-preview:-1"},"canonical":"https:\/\/hydrogentools.de\/en\/stromstaerke-und-spannung-der-elektrolyse-wasserstoff\/","og_locale":"en_US","og_type":"article","og_title":"Stromst\u00e4rke und Spannung der Elektrolyse - Wasserstofftools","og_description":"Wie ist das Verh\u00e4ltnis zwischen Stromst\u00e4rke, Spannung und Wasserstoff? Und wie h\u00e4ngen diese Gr\u00f6\u00dfen mit dem Wirkungsgrad der Elektrolyse zusammen?","og_url":"https:\/\/hydrogentools.de\/en\/stromstaerke-und-spannung-der-elektrolyse-wasserstoff\/","og_site_name":"Wasserstofftools","article_modified_time":"2024-04-18T01:39:49+00:00","og_image":[{"width":512,"height":512,"url":"https:\/\/hydrogentools.de\/wp-content\/uploads\/2023\/07\/Logo-1.png","type":"image\/png"}],"twitter_card":"summary_large_image","twitter_misc":{"Est. reading time":"3 minutes"},"schema":{"@context":"https:\/\/schema.org","@graph":[{"@type":"WebPage","@id":"https:\/\/hydrogentools.de\/stromstaerke-und-spannung-der-elektrolyse-wasserstoff\/","url":"https:\/\/hydrogentools.de\/stromstaerke-und-spannung-der-elektrolyse-wasserstoff\/","name":"Stromst\u00e4rke und Spannung der Elektrolyse - Wasserstofftools","isPartOf":{"@id":"https:\/\/hydrogentools.de\/#website"},"datePublished":"2024-04-17T23:11:56+00:00","dateModified":"2024-04-18T01:39:49+00:00","description":"Wie ist das Verh\u00e4ltnis zwischen Stromst\u00e4rke, Spannung und Wasserstoff? Und wie h\u00e4ngen diese Gr\u00f6\u00dfen mit dem Wirkungsgrad der Elektrolyse zusammen?","breadcrumb":{"@id":"https:\/\/hydrogentools.de\/stromstaerke-und-spannung-der-elektrolyse-wasserstoff\/#breadcrumb"},"inLanguage":"en-US","potentialAction":[{"@type":"ReadAction","target":["https:\/\/hydrogentools.de\/stromstaerke-und-spannung-der-elektrolyse-wasserstoff\/"]}]},{"@type":"BreadcrumbList","@id":"https:\/\/hydrogentools.de\/stromstaerke-und-spannung-der-elektrolyse-wasserstoff\/#breadcrumb","itemListElement":[{"@type":"ListItem","position":1,"name":"Startseite","item":"https:\/\/hydrogentools.de\/"},{"@type":"ListItem","position":2,"name":"Stromst\u00e4rke und Spannung der Elektrolyse"}]},{"@type":"WebSite","@id":"https:\/\/hydrogentools.de\/#website","url":"https:\/\/hydrogentools.de\/","name":"Wasserstofftools","description":"Tools for planning and calculating hydrogen equipment.","alternateName":"Hydrogentools","potentialAction":[{"@type":"SearchAction","target":{"@type":"EntryPoint","urlTemplate":"https:\/\/hydrogentools.de\/?s={search_term_string}"},"query-input":{"@type":"PropertyValueSpecification","valueRequired":true,"valueName":"search_term_string"}}],"inLanguage":"en-US"}]}},"_links":{"self":[{"href":"https:\/\/hydrogentools.de\/en\/wp-json\/wp\/v2\/pages\/453","targetHints":{"allow":["GET"]}}],"collection":[{"href":"https:\/\/hydrogentools.de\/en\/wp-json\/wp\/v2\/pages"}],"about":[{"href":"https:\/\/hydrogentools.de\/en\/wp-json\/wp\/v2\/types\/page"}],"author":[{"embeddable":true,"href":"https:\/\/hydrogentools.de\/en\/wp-json\/wp\/v2\/users\/1"}],"replies":[{"embeddable":true,"href":"https:\/\/hydrogentools.de\/en\/wp-json\/wp\/v2\/comments?post=453"}],"version-history":[{"count":5,"href":"https:\/\/hydrogentools.de\/en\/wp-json\/wp\/v2\/pages\/453\/revisions"}],"predecessor-version":[{"id":481,"href":"https:\/\/hydrogentools.de\/en\/wp-json\/wp\/v2\/pages\/453\/revisions\/481"}],"wp:attachment":[{"href":"https:\/\/hydrogentools.de\/en\/wp-json\/wp\/v2\/media?parent=453"}],"curies":[{"name":"wp","href":"https:\/\/api.w.org\/{rel}","templated":true}]}}