{"id":612,"date":"2025-01-12T10:01:45","date_gmt":"2025-01-12T10:01:45","guid":{"rendered":"https:\/\/hydrogentools.de\/?page_id=612"},"modified":"2025-01-12T10:26:09","modified_gmt":"2025-01-12T10:26:09","slug":"beitraege-uebersicht","status":"publish","type":"page","link":"https:\/\/hydrogentools.de\/en\/beitraege-uebersicht\/","title":{"rendered":"Beitr\u00e4ge &#8211; \u00dcbersicht"},"content":{"rendered":"<p class=\"has-text-align-center\">Im Folgenden sind alle bisher bereitgestellten Beitr\u00e4ge aufgelistet.  Falls dir ein Rechner oder eine hilfreiche Info fehlt, kontaktiere mich gerne \u00fcbers Kontaktformular. Ich freue mich immer \u00fcber Ideen!<br><\/p>\n\n\n\n<div class=\"wp-block-buttons alignwide is-content-justification-center is-layout-flex wp-container-core-buttons-is-layout-16018d1d wp-block-buttons-is-layout-flex\">\n<div class=\"wp-block-button has-custom-width wp-block-button__width-75\"><a class=\"wp-block-button__link has-dark-gray-background-color has-background wp-element-button\" href=\"https:\/\/hydrogentools.de\/en\/physikalische-chemische-eigenschaften\/\" style=\"border-radius:7px\">Physical and chemical properties                                <\/a><\/div>\n<\/div>\n\n\n\n<div class=\"wp-block-buttons alignwide is-content-justification-center is-layout-flex wp-container-core-buttons-is-layout-16018d1d wp-block-buttons-is-layout-flex\">\n<div class=\"wp-block-button has-custom-width wp-block-button__width-75\"><a class=\"wp-block-button__link has-dark-gray-background-color has-background wp-element-button\" href=\"https:\/\/hydrogentools.de\/en\/wasserbedarf-elektrolyse\/\" style=\"border-radius:7px\">Waterflow Electrolysis<\/a><\/div>\n<\/div>\n\n\n\n<div class=\"wp-block-buttons alignwide is-content-justification-center is-layout-flex wp-container-core-buttons-is-layout-16018d1d wp-block-buttons-is-layout-flex\">\n<div class=\"wp-block-button has-custom-width wp-block-button__width-75\"><a class=\"wp-block-button__link has-dark-gray-background-color has-background wp-element-button\" href=\"https:\/\/hydrogentools.de\/en\/stromstaerke-und-spannung-der-elektrolyse-wasserstoff\/\" style=\"border-radius:7px\">Amperage and H2-Massflow<\/a><\/div>\n<\/div>\n\n\n\n<div class=\"wp-block-buttons alignwide is-content-justification-center is-layout-flex wp-container-core-buttons-is-layout-16018d1d wp-block-buttons-is-layout-flex\">\n<div class=\"wp-block-button has-custom-width wp-block-button__width-75\"><a class=\"wp-block-button__link has-dark-gray-background-color has-background wp-element-button\" href=\"https:\/\/hydrogentools.de\/en\/heizwert-oder-brennwert\/\" style=\"border-radius:7px\">Brennwert oder Heizwert?<\/a><\/div>\n<\/div>","protected":false},"excerpt":{"rendered":"<p>Im Folgenden sind alle bisher bereitgestellten Beitr\u00e4ge aufgelistet. Falls dir ein Rechner oder eine hilfreiche Info fehlt, kontaktiere mich gerne \u00fcbers Kontaktformular. Ich freue mich immer \u00fcber Ideen!<\/p>","protected":false},"author":1,"featured_media":0,"parent":0,"menu_order":0,"comment_status":"closed","ping_status":"closed","template":"","meta":{"footnotes":""},"class_list":["post-612","page","type-page","status-publish","hentry","entry"],"yoast_head":"<!-- This site is optimized with the Yoast SEO plugin v27.5 - https:\/\/yoast.com\/product\/yoast-seo-wordpress\/ -->\n<title>Beitr\u00e4ge - \u00dcbersicht - Wasserstofftools<\/title>\n<meta name=\"robots\" content=\"index, follow, max-snippet:-1, max-image-preview:large, max-video-preview:-1\" \/>\n<link rel=\"canonical\" href=\"https:\/\/hydrogentools.de\/en\/beitraege-uebersicht\/\" \/>\n<meta property=\"og:locale\" content=\"en_US\" \/>\n<meta property=\"og:type\" content=\"article\" \/>\n<meta property=\"og:title\" content=\"Beitr\u00e4ge - \u00dcbersicht - Wasserstofftools\" \/>\n<meta property=\"og:description\" content=\"Im Folgenden sind alle bisher bereitgestellten Beitr\u00e4ge aufgelistet. Falls dir ein Rechner oder eine hilfreiche Info fehlt, kontaktiere mich gerne \u00fcbers Kontaktformular. Ich freue mich immer \u00fcber Ideen!\" \/>\n<meta property=\"og:url\" content=\"https:\/\/hydrogentools.de\/en\/beitraege-uebersicht\/\" \/>\n<meta property=\"og:site_name\" content=\"Wasserstofftools\" \/>\n<meta property=\"article:modified_time\" content=\"2025-01-12T10:26:09+00:00\" \/>\n<meta property=\"og:image\" content=\"https:\/\/hydrogentools.de\/wp-content\/uploads\/2023\/07\/Logo-1.png\" \/>\n\t<meta property=\"og:image:width\" content=\"512\" \/>\n\t<meta property=\"og:image:height\" content=\"512\" \/>\n\t<meta property=\"og:image:type\" content=\"image\/png\" \/>\n<meta name=\"twitter:card\" content=\"summary_large_image\" \/>\n<meta name=\"twitter:label1\" content=\"Est. reading time\" \/>\n\t<meta name=\"twitter:data1\" content=\"1 minute\" \/>\n<script type=\"application\/ld+json\" class=\"yoast-schema-graph\">{\"@context\":\"https:\\\/\\\/schema.org\",\"@graph\":[{\"@type\":\"WebPage\",\"@id\":\"https:\\\/\\\/hydrogentools.de\\\/beitraege-uebersicht\\\/\",\"url\":\"https:\\\/\\\/hydrogentools.de\\\/beitraege-uebersicht\\\/\",\"name\":\"Beitr\u00e4ge - \u00dcbersicht - Wasserstofftools\",\"isPartOf\":{\"@id\":\"https:\\\/\\\/hydrogentools.de\\\/#website\"},\"datePublished\":\"2025-01-12T10:01:45+00:00\",\"dateModified\":\"2025-01-12T10:26:09+00:00\",\"breadcrumb\":{\"@id\":\"https:\\\/\\\/hydrogentools.de\\\/beitraege-uebersicht\\\/#breadcrumb\"},\"inLanguage\":\"en-US\",\"potentialAction\":[{\"@type\":\"ReadAction\",\"target\":[\"https:\\\/\\\/hydrogentools.de\\\/beitraege-uebersicht\\\/\"]}]},{\"@type\":\"BreadcrumbList\",\"@id\":\"https:\\\/\\\/hydrogentools.de\\\/beitraege-uebersicht\\\/#breadcrumb\",\"itemListElement\":[{\"@type\":\"ListItem\",\"position\":1,\"name\":\"Startseite\",\"item\":\"https:\\\/\\\/hydrogentools.de\\\/\"},{\"@type\":\"ListItem\",\"position\":2,\"name\":\"Beitr\u00e4ge &#8211; \u00dcbersicht\"}]},{\"@type\":\"WebSite\",\"@id\":\"https:\\\/\\\/hydrogentools.de\\\/#website\",\"url\":\"https:\\\/\\\/hydrogentools.de\\\/\",\"name\":\"Wasserstofftools\",\"description\":\"Werkzeuge zur Planung von Wasserstoffanlagen\",\"alternateName\":\"Hydrogentools\",\"potentialAction\":[{\"@type\":\"SearchAction\",\"target\":{\"@type\":\"EntryPoint\",\"urlTemplate\":\"https:\\\/\\\/hydrogentools.de\\\/?s={search_term_string}\"},\"query-input\":{\"@type\":\"PropertyValueSpecification\",\"valueRequired\":true,\"valueName\":\"search_term_string\"}}],\"inLanguage\":\"en-US\"}]}<\/script>\n<!-- \/ Yoast SEO plugin. -->","yoast_head_json":{"title":"Beitr\u00e4ge - \u00dcbersicht - Wasserstofftools","robots":{"index":"index","follow":"follow","max-snippet":"max-snippet:-1","max-image-preview":"max-image-preview:large","max-video-preview":"max-video-preview:-1"},"canonical":"https:\/\/hydrogentools.de\/en\/beitraege-uebersicht\/","og_locale":"en_US","og_type":"article","og_title":"Beitr\u00e4ge - \u00dcbersicht - Wasserstofftools","og_description":"Im Folgenden sind alle bisher bereitgestellten Beitr\u00e4ge aufgelistet. Falls dir ein Rechner oder eine hilfreiche Info fehlt, kontaktiere mich gerne \u00fcbers Kontaktformular. Ich freue mich immer \u00fcber Ideen!","og_url":"https:\/\/hydrogentools.de\/en\/beitraege-uebersicht\/","og_site_name":"Wasserstofftools","article_modified_time":"2025-01-12T10:26:09+00:00","og_image":[{"width":512,"height":512,"url":"https:\/\/hydrogentools.de\/wp-content\/uploads\/2023\/07\/Logo-1.png","type":"image\/png"}],"twitter_card":"summary_large_image","twitter_misc":{"Est. reading time":"1 minute"},"schema":{"@context":"https:\/\/schema.org","@graph":[{"@type":"WebPage","@id":"https:\/\/hydrogentools.de\/beitraege-uebersicht\/","url":"https:\/\/hydrogentools.de\/beitraege-uebersicht\/","name":"Beitr\u00e4ge - \u00dcbersicht - Wasserstofftools","isPartOf":{"@id":"https:\/\/hydrogentools.de\/#website"},"datePublished":"2025-01-12T10:01:45+00:00","dateModified":"2025-01-12T10:26:09+00:00","breadcrumb":{"@id":"https:\/\/hydrogentools.de\/beitraege-uebersicht\/#breadcrumb"},"inLanguage":"en-US","potentialAction":[{"@type":"ReadAction","target":["https:\/\/hydrogentools.de\/beitraege-uebersicht\/"]}]},{"@type":"BreadcrumbList","@id":"https:\/\/hydrogentools.de\/beitraege-uebersicht\/#breadcrumb","itemListElement":[{"@type":"ListItem","position":1,"name":"Startseite","item":"https:\/\/hydrogentools.de\/"},{"@type":"ListItem","position":2,"name":"Beitr\u00e4ge &#8211; \u00dcbersicht"}]},{"@type":"WebSite","@id":"https:\/\/hydrogentools.de\/#website","url":"https:\/\/hydrogentools.de\/","name":"Wasserstofftools","description":"Tools for planning and calculating hydrogen equipment.","alternateName":"Hydrogentools","potentialAction":[{"@type":"SearchAction","target":{"@type":"EntryPoint","urlTemplate":"https:\/\/hydrogentools.de\/?s={search_term_string}"},"query-input":{"@type":"PropertyValueSpecification","valueRequired":true,"valueName":"search_term_string"}}],"inLanguage":"en-US"}]}},"_links":{"self":[{"href":"https:\/\/hydrogentools.de\/en\/wp-json\/wp\/v2\/pages\/612","targetHints":{"allow":["GET"]}}],"collection":[{"href":"https:\/\/hydrogentools.de\/en\/wp-json\/wp\/v2\/pages"}],"about":[{"href":"https:\/\/hydrogentools.de\/en\/wp-json\/wp\/v2\/types\/page"}],"author":[{"embeddable":true,"href":"https:\/\/hydrogentools.de\/en\/wp-json\/wp\/v2\/users\/1"}],"replies":[{"embeddable":true,"href":"https:\/\/hydrogentools.de\/en\/wp-json\/wp\/v2\/comments?post=612"}],"version-history":[{"count":2,"href":"https:\/\/hydrogentools.de\/en\/wp-json\/wp\/v2\/pages\/612\/revisions"}],"predecessor-version":[{"id":628,"href":"https:\/\/hydrogentools.de\/en\/wp-json\/wp\/v2\/pages\/612\/revisions\/628"}],"wp:attachment":[{"href":"https:\/\/hydrogentools.de\/en\/wp-json\/wp\/v2\/media?parent=612"}],"curies":[{"name":"wp","href":"https:\/\/api.w.org\/{rel}","templated":true}]}}